{"id":43,"date":"2020-04-13T13:59:53","date_gmt":"2020-04-13T13:59:53","guid":{"rendered":"http:\/\/xn--lner-zeitgeschichte-59b.de\/?page_id=43"},"modified":"2020-04-27T12:15:45","modified_gmt":"2020-04-27T12:15:45","slug":"literatur","status":"publish","type":"page","link":"http:\/\/xn--lner-zeitgeschichte-59b.de\/?page_id=43","title":{"rendered":"Literatur"},"content":{"rendered":"\n<p>Bockhorst, Wolfgang 1991. <strong>Zwischen M\u00fcnster und Mark. L\u00fcnen im 13. und 14. Jahrhundert<\/strong>. In: Der M\u00e4rker (40. Jahrgang, Heft 4)<\/p>\n\n\n\n<p>Borns, Annette 2000. <strong>Das Heinz-Holpert-Theater. <\/strong>In: Informationen aus dem Museum der Stadt L\u00fcnen, Nr. 22<\/p>\n\n\n\n<p><em>Bremer, Diedrich Hermann<\/em> 1842. <strong>Chronik der Stadt L\u00fcnen seit ihrer ersten Gr\u00fcndung<\/strong>. Dortmund (hrsg. in 2. Aufl. und erg\u00e4nzt 1920 von H. Gerdsmann)<\/p>\n\n\n\n<p><em>F\u00f6rderverein Theater L\u00fcnen e.V.<\/em> 2018. <strong>Eine B\u00fchne mit Eigensinn. 60 Jahre Theater L\u00fcnen<\/strong>. L\u00fcnen, Bd. 20<\/p>\n\n\n\n<p><em>Gerlichs, Georg<\/em> 1905. <strong>Chronik der Stadt L\u00fcnen<\/strong> (hrsg. v. Franz Nigge). L\u00fcnen <\/p>\n\n\n\n<p><em>Gewerkschaft Eisenh\u00fctte Westfalia<\/em> o.J. <strong>Westfalia L\u00fcnen<\/strong>. L\u00fcnen <\/p>\n\n\n\n<p><em>Goldstein, G\u00fcnther<\/em> 2003. <strong>Aus alter Arbeitszeit in L\u00fcnen<\/strong>. Guldenberg-Gleichen<\/p>\n\n\n\n<p><em>He\u00df, Wilfried<\/em> 1991. <strong>Abla\u00dfbriefe f\u00fcr die St.-Marien-Kirche in L\u00fcnen<\/strong>. In: Der M\u00e4rker (Heft 2)<\/p>\n\n\n\n<p><em>Lappe, Josef <\/em>1909. <strong>Die Sondergemeinden der Stadt L\u00fcnen<\/strong>, Dortmund<\/p>\n\n\n\n<p><em>Lappe, Josef<\/em> 1911. <strong>Die Wehrverfassung der Stadt L\u00fcnen<\/strong>, Dortmund<\/p>\n\n\n\n<p><em>Lappe, Josef<\/em> 1926. <strong>L\u00fcnen &#8211; ein westf\u00e4lisches St\u00e4dtebild<\/strong>. Berlin<\/p>\n\n\n\n<p><em>Lehnemann, Wingolf<\/em> 1977. <strong>Das zierlichste Wappen. \u00dcber Siegel und Wappen der Stadt L\u00fcnen<\/strong>. In: Der M\u00e4rker (26. Jahrgang, Heft 1)<\/p>\n\n\n\n<p><em>Lehnemann, Wingolf<\/em> 1987. <strong>Die Entwicklung L\u00fcnens zur Stadt im 13. und 14. Jahrhundert<\/strong>. In: Der M\u00e4rker (36.Jahrgang, Heft 2)<\/p>\n\n\n\n<p><em>Lehnemann, Wingolf<\/em> 1991. <strong>Das L\u00fcner Stadtrecht von 1341<\/strong>. In: Der M\u00e4rker (40. Jahrgang, Heft 2) <\/p>\n\n\n\n<p><em>Lehnemann, Wingolf<\/em> 1992. <strong>Datenchronik der Stadt L\u00fcnen<\/strong>. (hrsg. von der Stadt L\u00fcnen). L\u00fcnen<\/p>\n\n\n\n<p>Lehnemann, Wingolf 2016, <strong>Professor Dr. Ernst Waldschmidt (1897-1985)<\/strong>. In: Informationen aus dem Museum der Stadt L\u00fcnen, Nr. 47<\/p>\n\n\n\n<p><em>L\u00f6ffler, Peter<\/em> 1965. <strong>Ein Plan der Stadt L\u00fcnen vom Beginn des 18. Jahrhunderts<\/strong>. In: Dortmunder Beitr\u00e4ge 62\/<\/p>\n\n\n\n<p><em>Mollin, Volker<\/em> 2014. <strong>L\u00fcnen im Weltkrieg 1914 bis 1918<\/strong>. In: Informationen aus dem Museum der Stadt L\u00fcnen, Nr. 42<\/p>\n\n\n\n<p><em>Nigge, Franz<\/em> 1905. <strong>Untersuchungen zur Geschichte L\u00fcnens von Entstehung der Stadt bis um die Mitte des 14. Jahrhunderts<\/strong>. L\u00fcnen<\/p>\n\n\n\n<p><em>Nigge, Franz<\/em> 1912. <strong>Die alten Gilden der Stadt L\u00fcnen<\/strong>. M\u00fcnster<\/p>\n\n\n\n<p><em>Nigge, Franz<\/em> 1914. <strong>Bilder aus L\u00fcnens vergangenen Tagen<\/strong>. M\u00fcnster<\/p>\n\n\n\n<p><em>Niklowitz, Freddy, He\u00df, Wilfried &amp; Lehnemann, Widar<\/em> 2016. <strong>Hundertundeine Erz\u00e4hlung. Sagen, Legenden und Geschichten aus dem Raum L\u00fcnen<\/strong>. L\u00fcnen<\/p>\n\n\n\n<p><em>Perlick, Alfons<\/em> 1954. <strong>Heimatkunde der Stadt L\u00fcnen<\/strong> (Heft 1). L\u00fcnen<\/p>\n\n\n\n<p><em>Siegeroth, Aloys<\/em> 1974. <strong>Die Geschichte der Gemeinde Altl\u00fcnen<\/strong>. Altl\u00fcnen<\/p>\n\n\n\n<p><em>Sparkasse L\u00fcnen<\/em> 1987. <strong>L\u00fcnen im Lexikon <\/strong>(Quellenband). L\u00fcnen (bearb. und mit einem Nachwort von Wingolf Lehnemann)<\/p>\n\n\n\n<p><em>Spormecker, Georg<\/em> 1536. <strong>Chronik der m\u00e4rkischen Stadt L\u00fcnen<\/strong> (auf Deutsch erschienen 1962 in einer \u00dcbersetzung aus dem Lateinischen von Hermann Wember) L\u00fcnen<\/p>\n\n\n\n<p><em>Stadtarchiv L\u00fcnen<\/em> 1988. <strong>Geschichte der Juden in L\u00fcnen<\/strong>. (bearb. von Wilfried He\u00df &amp; Freddy Niklowitz). L\u00fcnen<\/p>\n\n\n\n<p><em>Stadtarchiv L\u00fcnen <\/em>1979. <strong>Kleine Geschichte der Stadt<\/strong>. (Schriftenreihe Heft 2) L\u00fcnen (bearb. von Wingolf Lehnemann &amp; Adolf Rei\u00df)<\/p>\n\n\n\n<p><em>Stadtarchiv L\u00fcnen<\/em> 1977. <strong>L\u00fcnen &#8211; Geschichte der Stadt im \u00dcberblick<\/strong>. L\u00fcnen<\/p>\n\n\n\n<p><em>Stadt L\u00fcnen &amp; F\u00f6rderverein f\u00fcr Kunst und Kultur L\u00fcnen e.V. <\/em>2010. <strong>HochHinHaus. Aufbruch und Architektur<\/strong> (bearb. von der Arbeitsgruppe &#8222;50 Jahre Rathaus L\u00fcnen&#8220;) L\u00fcnen<\/p>\n\n\n\n<p><em>Stadt L\u00fcnen<\/em> 1992. <strong>Kleine Geschichte der Stadt L\u00fcnen<\/strong>. (\u00fcberarbeitete Neuauflage des gleichnamigen Buches von 1979 in einer Bearb.  von Wingolf Lehnemann &amp; Adolf Rei\u00df). L\u00fcnen<\/p>\n\n\n\n<p><em>Stadt L\u00fcnen<\/em> 1991. <strong>L\u00fcnen 1918 &#8211; 1966. Beitr\u00e4ge zur Stadtgeschichte<\/strong> (bearb. von Wilfried He\u00df &amp; Freddy Niklowitz). L\u00fcnen<\/p>\n\n\n\n<p><em>von Steinen, Johann Diedrich<\/em> 1760. <strong>Historie der Stadt und Amts L\u00fcnen<\/strong>. In: Westph\u00e4lische Geschichte, Teil IV. Detmold <\/p>\n\n\n\n<p><em>Referat f\u00fcr \u00d6ffentlichkeitsarbeit der Stadt L\u00fcnen<\/em> 1991. <strong>650 Jahre Stadt L\u00fcnen. 1341 &#8211; 1991<\/strong>. L\u00fcnen<\/p>\n\n\n\n<p><em>Wember, Hermann<\/em> 1965. <strong>Die Geschichte des St. Marienhospitals<\/strong>. L\u00fcnen<\/p>\n","protected":false},"excerpt":{"rendered":"<p>Bockhorst, Wolfgang 1991. Zwischen M\u00fcnster und Mark. L\u00fcnen im 13. und 14. Jahrhundert. In: Der M\u00e4rker (40. Jahrgang, Heft 4) Borns, Annette 2000. Das Heinz-Holpert-Theater. In: Informationen aus dem Museum der Stadt L\u00fcnen, Nr. 22 Bremer, Diedrich Hermann 1842. Chronik der Stadt L\u00fcnen seit ihrer ersten Gr\u00fcndung. Dortmund (hrsg. in 2. Aufl. und erg\u00e4nzt 1920 &hellip; <\/p>\n<p class=\"link-more\"><a href=\"http:\/\/xn--lner-zeitgeschichte-59b.de\/?page_id=43\" class=\"more-link\"><span class=\"screen-reader-text\">\u201eLiteratur\u201c<\/span> weiterlesen<\/a><\/p>\n","protected":false},"author":1,"featured_media":0,"parent":0,"menu_order":0,"comment_status":"closed","ping_status":"closed","template":"","meta":[],"_links":{"self":[{"href":"http:\/\/xn--lner-zeitgeschichte-59b.de\/index.php?rest_route=\/wp\/v2\/pages\/43"}],"collection":[{"href":"http:\/\/xn--lner-zeitgeschichte-59b.de\/index.php?rest_route=\/wp\/v2\/pages"}],"about":[{"href":"http:\/\/xn--lner-zeitgeschichte-59b.de\/index.php?rest_route=\/wp\/v2\/types\/page"}],"author":[{"embeddable":true,"href":"http:\/\/xn--lner-zeitgeschichte-59b.de\/index.php?rest_route=\/wp\/v2\/users\/1"}],"replies":[{"embeddable":true,"href":"http:\/\/xn--lner-zeitgeschichte-59b.de\/index.php?rest_route=%2Fwp%2Fv2%2Fcomments&post=43"}],"version-history":[{"count":34,"href":"http:\/\/xn--lner-zeitgeschichte-59b.de\/index.php?rest_route=\/wp\/v2\/pages\/43\/revisions"}],"predecessor-version":[{"id":110,"href":"http:\/\/xn--lner-zeitgeschichte-59b.de\/index.php?rest_route=\/wp\/v2\/pages\/43\/revisions\/110"}],"wp:attachment":[{"href":"http:\/\/xn--lner-zeitgeschichte-59b.de\/index.php?rest_route=%2Fwp%2Fv2%2Fmedia&parent=43"}],"curies":[{"name":"wp","href":"https:\/\/api.w.org\/{rel}","templated":true}]}}