{"id":2,"date":"2016-05-10T03:48:21","date_gmt":"2016-05-10T03:48:21","guid":{"rendered":"http:\/\/xn--lner-zeitgeschichte-59b.de\/?page_id=2"},"modified":"2020-04-16T21:49:56","modified_gmt":"2020-04-16T21:49:56","slug":"sample-page","status":"publish","type":"page","link":"https:\/\/xn--lner-zeitgeschichte-59b.de\/","title":{"rendered":"L\u00fcnen erz\u00e4hlen."},"content":{"rendered":"\n<p>Der Verein <em><strong>L\u00fcner Zeitgeschichte<\/strong> <\/em>wurde 2019 gegr\u00fcndet. Er hat zum Ziel, L\u00fcnens Geschichte schwerpunktm\u00e4\u00dfig vom ausgehenden 19. Jahrhundert an zu beleuchten und zu erz\u00e4hlen,\u00a0darum Zeitgeschichte. Das soll die \u00e4ltere Geschichte L\u00fcnens aber keineswegs streng ausschlie\u00dfen.  <\/p>\n\n\n\n<p><strong>Was wird erz\u00e4hlt?<\/strong> Erz\u00e4hlt wird \u00fcber Wirtschaft und Leben, Politik und Gesellschaft, \u00fcber Macht und Beute, Alltag und Leute, \u00fcber Sieg und Niederlage, Freud und Plage &#8211; eben all das, was L\u00fcnen bewegte und pr\u00e4gte.<\/p>\n\n\n\n<p><strong>Wie wird erz\u00e4hlt?<\/strong> So unterschiedlich die Themen sein k\u00f6nnen, so unterschiedlich sind auch die theoretischen Zug\u00e4nge der Erz\u00e4hlung. Der Verein ist offen: Sozialgeschichte steht nicht gegen Kulturgeschichte. Nicht alles ist Wirtschaftsgeschichte. <\/p>\n\n\n\n<p><strong>Wo und wann wird erz\u00e4hlt?<\/strong> Erz\u00e4hlformate sind vielf\u00e4ltig: Publikationen sind ebenso geplant wie Ausstellungen. Filme k\u00f6nnen entstehen, ja selbst das Theater und die bildenden K\u00fcnste k\u00f6nnen Formate sein, L\u00fcnens Geschichte zu erz\u00e4hlen. <\/p>\n\n\n\n<p><strong>Wer erz\u00e4hlt?<\/strong> Wir erz\u00e4hlen. Sie haben Interesse, an der Vereinsarbeit mitzuwirken? Dann melden Sie sich telefonisch unter 02306 &#8211; 61772 oder via Email info@l\u00fcner-zeitgeschichte.de <\/p>\n\n\n\n<p><strong>Was erz\u00e4hlt?<\/strong> Quellen sind es, die erz\u00e4hlen. Was ist eine Quelle? Alles ist Quelle. Sie haben Quellen? Sie haben Sachen, die etwas \u00fcber L\u00fcnen erz\u00e4hlen k\u00f6nnen? Bilder, Briefe, B\u00fccher, Kleidung, Tonb\u00e4nder, Ger\u00e4te, Dokumente oder Maschinen. Egal, was es ist, sprechen Sie uns gerne an. <\/p>\n\n\n\n<p>Herzliche Gr\u00fc\u00dfe<\/p>\n\n\n\n<p>Dr. Frank Ragutt, Erster Vorsitzender<\/p>\n\n\n\n<p><\/p>\n\n\n\n<p>&#8211; &#8211; &#8211; <\/p>\n\n\n\n<p>L\u00fcner Zeitgeschichte e.V.    |     M\u00fcnsterstra\u00dfe 183    |     44534 L\u00fcnen<\/p>\n\n\n\n<p>Telefon: 02306 &#8211; 61772       |      Email: info@l\u00fcner-zeitgeschichte.de   <\/p>\n","protected":false},"excerpt":{"rendered":"<p>Der Verein L\u00fcner Zeitgeschichte wurde 2019 gegr\u00fcndet. Er hat zum Ziel, L\u00fcnens Geschichte schwerpunktm\u00e4\u00dfig vom ausgehenden 19. Jahrhundert an zu beleuchten und zu erz\u00e4hlen,\u00a0darum Zeitgeschichte. Das soll die \u00e4ltere Geschichte L\u00fcnens aber keineswegs streng ausschlie\u00dfen. Was wird erz\u00e4hlt? Erz\u00e4hlt wird \u00fcber Wirtschaft und Leben, Politik und Gesellschaft, \u00fcber Macht und Beute, Alltag und Leute, \u00fcber &hellip; <\/p>\n<p class=\"link-more\"><a href=\"https:\/\/xn--lner-zeitgeschichte-59b.de\/\" class=\"more-link\"><span class=\"screen-reader-text\">\u201eL\u00fcnen erz\u00e4hlen.\u201c<\/span> weiterlesen<\/a><\/p>\n","protected":false},"author":1,"featured_media":0,"parent":0,"menu_order":0,"comment_status":"closed","ping_status":"open","template":"","meta":[],"_links":{"self":[{"href":"https:\/\/xn--lner-zeitgeschichte-59b.de\/index.php?rest_route=\/wp\/v2\/pages\/2"}],"collection":[{"href":"https:\/\/xn--lner-zeitgeschichte-59b.de\/index.php?rest_route=\/wp\/v2\/pages"}],"about":[{"href":"https:\/\/xn--lner-zeitgeschichte-59b.de\/index.php?rest_route=\/wp\/v2\/types\/page"}],"author":[{"embeddable":true,"href":"https:\/\/xn--lner-zeitgeschichte-59b.de\/index.php?rest_route=\/wp\/v2\/users\/1"}],"replies":[{"embeddable":true,"href":"https:\/\/xn--lner-zeitgeschichte-59b.de\/index.php?rest_route=%2Fwp%2Fv2%2Fcomments&post=2"}],"version-history":[{"count":21,"href":"https:\/\/xn--lner-zeitgeschichte-59b.de\/index.php?rest_route=\/wp\/v2\/pages\/2\/revisions"}],"predecessor-version":[{"id":105,"href":"https:\/\/xn--lner-zeitgeschichte-59b.de\/index.php?rest_route=\/wp\/v2\/pages\/2\/revisions\/105"}],"wp:attachment":[{"href":"https:\/\/xn--lner-zeitgeschichte-59b.de\/index.php?rest_route=%2Fwp%2Fv2%2Fmedia&parent=2"}],"curies":[{"name":"wp","href":"https:\/\/api.w.org\/{rel}","templated":true}]}}